{"id":613,"date":"2023-07-17T13:07:41","date_gmt":"2023-07-17T13:07:41","guid":{"rendered":"https:\/\/itinnovacion.com\/?page_id=613"},"modified":"2023-07-17T13:08:56","modified_gmt":"2023-07-17T13:08:56","slug":"accesibilidad","status":"publish","type":"page","link":"https:\/\/itinnovacion.com\/en\/accesibilidad\/","title":{"rendered":"Accessibility"},"content":{"rendered":"<div data-elementor-type=\"wp-page\" data-elementor-id=\"613\" class=\"elementor elementor-613\" data-elementor-post-type=\"page\">\n\t\t\t\t\t\t<section class=\"elementor-section elementor-top-section elementor-element elementor-element-7f137dc elementor-section-boxed elementor-section-height-default elementor-section-height-default\" data-id=\"7f137dc\" data-element_type=\"section\" data-e-type=\"section\">\n\t\t\t\t\t\t<div class=\"elementor-container elementor-column-gap-default\">\n\t\t\t\t\t<div class=\"elementor-column elementor-col-100 elementor-top-column elementor-element elementor-element-4940060d\" data-id=\"4940060d\" data-element_type=\"column\" data-e-type=\"column\">\n\t\t\t<div class=\"elementor-widget-wrap elementor-element-populated\">\n\t\t\t\t\t\t<div class=\"elementor-element elementor-element-5db80e5a elementor-widget elementor-widget-text-editor\" data-id=\"5db80e5a\" data-element_type=\"widget\" data-e-type=\"widget\" data-widget_type=\"text-editor.default\">\n\t\t\t\t<div class=\"elementor-widget-container\">\n\t\t\t\t\t\t\t\t\t<ol><li><p><b><span data-contrast=\"auto\">Introduction.<\/span><\/b><\/p><p>On our website, we strive to ensure that all people, regardless of their status or skills to be able to access our content and services. We believe that accessibility is a fundamental right and an ethical responsibility, and that&#039;s why we&#039;ve incorporated a number of design features and coding that make our website more accessible and easy to use.<\/p><ol><li><strong>Guidelines<\/strong><\/li><\/ol><p>The 1 of January of the year 2006 came into force the regulations that force the Spanish government authorities to make their web sites accessible to all citizens. To do this, the authorities should implement the guidelines\u00a0<acronym class=\"texto-zoom\" title=\"Web Accesibility Initiative\">WAI<\/acronym>\u00a0(a group that builds the accessibility standards) of the\u00a0<a class=\"aclink texto-zoom\" href=\"http:\/\/www.w3c.org\/\" target=\"_blank\" rel=\"noopener\" data-insuit-uuid=\"67a7ed8e-8146-43de-8ccc-2def0ef41ad6\">W3C<\/a>, which aims to ensure the accessibility of the web sites of the Public Administration. According to the standard UNE-en 301 549:2022, we have implemented the necessary measures to ensure the accessibility of this website to all people.<\/p><p>Following the guidelines WAI) of the W3C, we have implemented a number of technical measures that enable people with visual disability, hearing, motor, or cognitive access to our content without barriers. Among these measures, we highlight the possibility of browse our website, using the keyboard, the use of descriptive labels for images, the integration of subtitles and transcripts in our videos, and the use of a high contrast and font size adjustable.<\/p><p>This website is compliant with the WCAG 2.1 accessibility, which establishes the guidelines and criteria to ensure that the web content is accessible to all people, including those with disabilities.<\/p><p>To do this, we followed the guidelines and techniques that the WCAG 2.1 in three levels: A, AA, and AAA. These levels set different accessibility requirements, from the most basic to the more advanced, to ensure maximum accessibility as possible.<\/p><p>Adara project consultancy is committed to continually improve the accessibility of our web page and to address any suggestion or comments that users make about it. If you find any accessibility issues on our website, do not hesitate to get in contact with us so we can fix it immediately.<\/p><\/li><\/ol>\t\t\t\t\t\t\t\t<\/div>\n\t\t\t\t<\/div>\n\t\t\t\t\t<\/div>\n\t\t<\/div>\n\t\t\t\t\t<\/div>\n\t\t<\/section>\n\t\t\t\t<\/div>","protected":false},"excerpt":{"rendered":"<p>Introducci\u00f3n. En nuestra p\u00e1gina web, nos esforzamos por garantizar que todas las personas, independientemente de su situaci\u00f3n o habilidades, puedan acceder a nuestros contenidos y servicios. Creemos que la accesibilidad es un derecho fundamental y una responsabilidad \u00e9tica, y por eso hemos incorporado una serie de caracter\u00edsticas de dise\u00f1o y codificaci\u00f3n que hacen que nuestra [&hellip;]<\/p>\n","protected":false},"author":1,"featured_media":0,"parent":0,"menu_order":0,"comment_status":"closed","ping_status":"closed","template":"elementor_header_footer","meta":{"_monsterinsights_skip_tracking":false,"_monsterinsights_sitenote_active":false,"_monsterinsights_sitenote_note":"","_monsterinsights_sitenote_category":0,"footnotes":""},"class_list":["post-613","page","type-page","status-publish","hentry"],"yoast_head":"<!-- This site is optimized with the Yoast SEO plugin v27.4 - https:\/\/yoast.com\/product\/yoast-seo-wordpress\/ -->\n<title>Accesibilidad - IT Innovaci&oacute;n Eventos<\/title>\n<meta name=\"robots\" content=\"index, follow, max-snippet:-1, max-image-preview:large, max-video-preview:-1\" \/>\n<link rel=\"canonical\" href=\"https:\/\/itinnovacion.com\/en\/accesibilidad\/\" \/>\n<meta property=\"og:locale\" content=\"en_US\" \/>\n<meta property=\"og:type\" content=\"article\" \/>\n<meta property=\"og:title\" content=\"Accesibilidad - IT Innovaci&oacute;n Eventos\" \/>\n<meta property=\"og:description\" content=\"Introducci\u00f3n. En nuestra p\u00e1gina web, nos esforzamos por garantizar que todas las personas, independientemente de su situaci\u00f3n o habilidades, puedan acceder a nuestros contenidos y servicios. Creemos que la accesibilidad es un derecho fundamental y una responsabilidad \u00e9tica, y por eso hemos incorporado una serie de caracter\u00edsticas de dise\u00f1o y codificaci\u00f3n que hacen que nuestra [&hellip;]\" \/>\n<meta property=\"og:url\" content=\"https:\/\/itinnovacion.com\/en\/accesibilidad\/\" \/>\n<meta property=\"og:site_name\" content=\"IT Innovaci&oacute;n Eventos\" \/>\n<meta property=\"article:modified_time\" content=\"2023-07-17T13:08:56+00:00\" \/>\n<meta name=\"twitter:card\" content=\"summary_large_image\" \/>\n<meta name=\"twitter:label1\" content=\"Est. reading time\" \/>\n\t<meta name=\"twitter:data1\" content=\"2 minutes\" \/>\n<script type=\"application\/ld+json\" class=\"yoast-schema-graph\">{\"@context\":\"https:\\\/\\\/schema.org\",\"@graph\":[{\"@type\":\"WebPage\",\"@id\":\"https:\\\/\\\/itinnovacion.com\\\/accesibilidad\\\/\",\"url\":\"https:\\\/\\\/itinnovacion.com\\\/accesibilidad\\\/\",\"name\":\"Accesibilidad - IT Innovaci&oacute;n Eventos\",\"isPartOf\":{\"@id\":\"https:\\\/\\\/itinnovacion.com\\\/#website\"},\"datePublished\":\"2023-07-17T13:07:41+00:00\",\"dateModified\":\"2023-07-17T13:08:56+00:00\",\"breadcrumb\":{\"@id\":\"https:\\\/\\\/itinnovacion.com\\\/accesibilidad\\\/#breadcrumb\"},\"inLanguage\":\"en-US\",\"potentialAction\":[{\"@type\":\"ReadAction\",\"target\":[\"https:\\\/\\\/itinnovacion.com\\\/accesibilidad\\\/\"]}]},{\"@type\":\"BreadcrumbList\",\"@id\":\"https:\\\/\\\/itinnovacion.com\\\/accesibilidad\\\/#breadcrumb\",\"itemListElement\":[{\"@type\":\"ListItem\",\"position\":1,\"name\":\"Portada\",\"item\":\"https:\\\/\\\/itinnovacion.com\\\/\"},{\"@type\":\"ListItem\",\"position\":2,\"name\":\"Accesibilidad\"}]},{\"@type\":\"WebSite\",\"@id\":\"https:\\\/\\\/itinnovacion.com\\\/#website\",\"url\":\"https:\\\/\\\/itinnovacion.com\\\/\",\"name\":\"IT Innovaci&oacute;n Eventos\",\"description\":\"Animaci&oacute;n de Eventos\",\"publisher\":{\"@id\":\"https:\\\/\\\/itinnovacion.com\\\/#organization\"},\"potentialAction\":[{\"@type\":\"SearchAction\",\"target\":{\"@type\":\"EntryPoint\",\"urlTemplate\":\"https:\\\/\\\/itinnovacion.com\\\/?s={search_term_string}\"},\"query-input\":{\"@type\":\"PropertyValueSpecification\",\"valueRequired\":true,\"valueName\":\"search_term_string\"}}],\"inLanguage\":\"en-US\"},{\"@type\":\"Organization\",\"@id\":\"https:\\\/\\\/itinnovacion.com\\\/#organization\",\"name\":\"IT Innovaci&oacute;n Eventos\",\"url\":\"https:\\\/\\\/itinnovacion.com\\\/\",\"logo\":{\"@type\":\"ImageObject\",\"inLanguage\":\"en-US\",\"@id\":\"https:\\\/\\\/itinnovacion.com\\\/#\\\/schema\\\/logo\\\/image\\\/\",\"url\":\"https:\\\/\\\/itinnovacion.com\\\/wp-content\\\/uploads\\\/2023\\\/06\\\/cropped-IT-INNOVACION-EVENTOS-Photoroom-1.png\",\"contentUrl\":\"https:\\\/\\\/itinnovacion.com\\\/wp-content\\\/uploads\\\/2023\\\/06\\\/cropped-IT-INNOVACION-EVENTOS-Photoroom-1.png\",\"width\":1279,\"height\":366,\"caption\":\"IT Innovaci&oacute;n Eventos\"},\"image\":{\"@id\":\"https:\\\/\\\/itinnovacion.com\\\/#\\\/schema\\\/logo\\\/image\\\/\"}}]}<\/script>\n<!-- \/ Yoast SEO plugin. -->","yoast_head_json":{"title":"Accesibilidad - IT Innovaci&oacute;n Eventos","robots":{"index":"index","follow":"follow","max-snippet":"max-snippet:-1","max-image-preview":"max-image-preview:large","max-video-preview":"max-video-preview:-1"},"canonical":"https:\/\/itinnovacion.com\/en\/accesibilidad\/","og_locale":"en_US","og_type":"article","og_title":"Accesibilidad - IT Innovaci&oacute;n Eventos","og_description":"Introducci\u00f3n. En nuestra p\u00e1gina web, nos esforzamos por garantizar que todas las personas, independientemente de su situaci\u00f3n o habilidades, puedan acceder a nuestros contenidos y servicios. Creemos que la accesibilidad es un derecho fundamental y una responsabilidad \u00e9tica, y por eso hemos incorporado una serie de caracter\u00edsticas de dise\u00f1o y codificaci\u00f3n que hacen que nuestra [&hellip;]","og_url":"https:\/\/itinnovacion.com\/en\/accesibilidad\/","og_site_name":"IT Innovaci&oacute;n Eventos","article_modified_time":"2023-07-17T13:08:56+00:00","twitter_card":"summary_large_image","twitter_misc":{"Est. reading time":"2 minutes"},"schema":{"@context":"https:\/\/schema.org","@graph":[{"@type":"WebPage","@id":"https:\/\/itinnovacion.com\/accesibilidad\/","url":"https:\/\/itinnovacion.com\/accesibilidad\/","name":"Accesibilidad - IT Innovaci&oacute;n Eventos","isPartOf":{"@id":"https:\/\/itinnovacion.com\/#website"},"datePublished":"2023-07-17T13:07:41+00:00","dateModified":"2023-07-17T13:08:56+00:00","breadcrumb":{"@id":"https:\/\/itinnovacion.com\/accesibilidad\/#breadcrumb"},"inLanguage":"en-US","potentialAction":[{"@type":"ReadAction","target":["https:\/\/itinnovacion.com\/accesibilidad\/"]}]},{"@type":"BreadcrumbList","@id":"https:\/\/itinnovacion.com\/accesibilidad\/#breadcrumb","itemListElement":[{"@type":"ListItem","position":1,"name":"Portada","item":"https:\/\/itinnovacion.com\/"},{"@type":"ListItem","position":2,"name":"Accesibilidad"}]},{"@type":"WebSite","@id":"https:\/\/itinnovacion.com\/#website","url":"https:\/\/itinnovacion.com\/","name":"IT Innovaci&oacute;n Eventos","description":"Animaci&oacute;n de Eventos","publisher":{"@id":"https:\/\/itinnovacion.com\/#organization"},"potentialAction":[{"@type":"SearchAction","target":{"@type":"EntryPoint","urlTemplate":"https:\/\/itinnovacion.com\/?s={search_term_string}"},"query-input":{"@type":"PropertyValueSpecification","valueRequired":true,"valueName":"search_term_string"}}],"inLanguage":"en-US"},{"@type":"Organization","@id":"https:\/\/itinnovacion.com\/#organization","name":"IT Innovaci&oacute;n Eventos","url":"https:\/\/itinnovacion.com\/","logo":{"@type":"ImageObject","inLanguage":"en-US","@id":"https:\/\/itinnovacion.com\/#\/schema\/logo\/image\/","url":"https:\/\/itinnovacion.com\/wp-content\/uploads\/2023\/06\/cropped-IT-INNOVACION-EVENTOS-Photoroom-1.png","contentUrl":"https:\/\/itinnovacion.com\/wp-content\/uploads\/2023\/06\/cropped-IT-INNOVACION-EVENTOS-Photoroom-1.png","width":1279,"height":366,"caption":"IT Innovaci&oacute;n Eventos"},"image":{"@id":"https:\/\/itinnovacion.com\/#\/schema\/logo\/image\/"}}]}},"jetpack_sharing_enabled":true,"_links":{"self":[{"href":"https:\/\/itinnovacion.com\/en\/wp-json\/wp\/v2\/pages\/613","targetHints":{"allow":["GET"]}}],"collection":[{"href":"https:\/\/itinnovacion.com\/en\/wp-json\/wp\/v2\/pages"}],"about":[{"href":"https:\/\/itinnovacion.com\/en\/wp-json\/wp\/v2\/types\/page"}],"author":[{"embeddable":true,"href":"https:\/\/itinnovacion.com\/en\/wp-json\/wp\/v2\/users\/1"}],"replies":[{"embeddable":true,"href":"https:\/\/itinnovacion.com\/en\/wp-json\/wp\/v2\/comments?post=613"}],"version-history":[{"count":4,"href":"https:\/\/itinnovacion.com\/en\/wp-json\/wp\/v2\/pages\/613\/revisions"}],"predecessor-version":[{"id":618,"href":"https:\/\/itinnovacion.com\/en\/wp-json\/wp\/v2\/pages\/613\/revisions\/618"}],"wp:attachment":[{"href":"https:\/\/itinnovacion.com\/en\/wp-json\/wp\/v2\/media?parent=613"}],"curies":[{"name":"wp","href":"https:\/\/api.w.org\/{rel}","templated":true}]}}