{"id":508,"date":"2023-07-17T08:56:57","date_gmt":"2023-07-17T08:56:57","guid":{"rendered":"https:\/\/itinnovacion.com\/?page_id=508"},"modified":"2023-07-17T12:16:12","modified_gmt":"2023-07-17T12:16:12","slug":"politica-de-privacidad","status":"publish","type":"page","link":"https:\/\/itinnovacion.com\/en\/politica-de-privacidad\/","title":{"rendered":"Privacy policy"},"content":{"rendered":"<div data-elementor-type=\"wp-page\" data-elementor-id=\"508\" class=\"elementor elementor-508\" data-elementor-post-type=\"page\">\n\t\t\t\t\t\t<section class=\"elementor-section elementor-top-section elementor-element elementor-element-70d4922 elementor-section-boxed elementor-section-height-default elementor-section-height-default\" data-id=\"70d4922\" data-element_type=\"section\" data-e-type=\"section\">\n\t\t\t\t\t\t<div class=\"elementor-container elementor-column-gap-default\">\n\t\t\t\t\t<div class=\"elementor-column elementor-col-100 elementor-top-column elementor-element elementor-element-00a7cae\" data-id=\"00a7cae\" data-element_type=\"column\" data-e-type=\"column\">\n\t\t\t<div class=\"elementor-widget-wrap elementor-element-populated\">\n\t\t\t\t\t\t<div class=\"elementor-element elementor-element-855bf2e elementor-widget elementor-widget-text-editor\" data-id=\"855bf2e\" data-element_type=\"widget\" data-e-type=\"widget\" data-widget_type=\"text-editor.default\">\n\t\t\t\t<div class=\"elementor-widget-container\">\n\t\t\t\t\t\t\t\t\t<ol><li><p><strong>POL\u00cdTICA DE PRIVACIDAD<\/strong><\/p><p><strong>\u00a0<\/strong><\/p><ol><li><strong>Introduction.<\/strong><\/li><\/ol><p>Tenemos un elevado nivel de compromiso con la privacidad de las personas, por lo que la protecci\u00f3n de datos personales es importante para nosotros.<\/p><p>Tratamos los datos seg\u00fan lo dispuesto en el Reglamento UE 2016\/679 General de Protecci\u00f3n de Datos, Ley Org\u00e1nica 3\/2018 de Protecci\u00f3n de Datos Personales y Garant\u00eda de Derechos Digitales y dem\u00e1s normativa vigente al respecto.<\/p><p>La presente Pol\u00edtica de Privacidad ha sido revisada en octubre de 2022 para dar cumplimiento a los deberes de informaci\u00f3n y transparencia del propio sitio web y general del responsable, para facilitar a cualquier tipo de interesado y no solo a los usuarios del sitio web los t\u00e9rminos generales del responsable en la materia. Pueden existir variaciones hasta su pr\u00f3xima revisi\u00f3n.<\/p><ol start=\"2\"><li><strong>\u00bfQui\u00e9n es el responsable de tratamiento de sus datos?<\/strong><\/li><\/ol><p><strong>Responsable:<\/strong> IT INNOVACION<\/p><p><strong>NIF\/CIF:<\/strong> <span class=\"ui-provider fz b c d e f g h i j k l m n o p q r s t u v w x y z ab ac ae af ag ah ai aj ak\" dir=\"ltr\">26529599L<\/span><\/p><p><strong>Direcci\u00f3n:<\/strong> Carretera Villacarrillo, 1, Santo Tom\u00e9 23311 (Ja\u00e9n)\u00a0<\/p><p><strong>Correo electr\u00f3nico:<\/strong> info@itinnovacion.com<\/p><ol start=\"3\"><li><strong>\u00bfCu\u00e1l es el origen y tipo de datos que tratamos?<\/strong><\/li><\/ol><p>El origen de la informaci\u00f3n que tratamos puede ser cualquiera de las siguientes categor\u00edas:<\/p><ul><li>Formularios en soporte papel, electr\u00f3nicos o digitales.<\/li><li>Sistemas de comunicaci\u00f3n y mensajer\u00eda: aplicaciones de correo electr\u00f3nico y mensajer\u00eda, tel\u00e9fono, etc.<\/li><li>Otras fuentes y or\u00edgenes l\u00edcitos de informaci\u00f3n.<\/li><\/ul><p>Las diferentes categor\u00edas de datos que podemos llegar a tratar en funci\u00f3n de la tipolog\u00eda del interesado (usuario, cliente, proveedor, empleado, etc.) y la naturaleza de la actividad del responsable y los distintos tratamientos de datos son:<\/p><ul><li>Datos identificativos, por ejemplo: nombre y apellidos, imagen.<\/li><li>C\u00f3digos o claves de identificaci\u00f3n, por ejemplo: nombre de usuario, c\u00f3digo de empleado.<\/li><li>Direcciones de contacto postales o electr\u00f3nicas, por ejemplo: tel\u00e9fono, email, perfil en redes sociales.<\/li><li>Datos de caracter\u00edsticas personales y profesionales, por ejemplo: edad, fecha de nacimiento, titulaciones, experiencia profesional, curr\u00edculum.<\/li><li>Datos econ\u00f3micos, financieros y de seguros; por ejemplo: datos bancarios, tarjeta de cr\u00e9dito, etc.<\/li><li>Datos econ\u00f3micos y no econ\u00f3micos de n\u00f3mina y otra informaci\u00f3n de naturaleza laboral; por ejemplo: puesto de trabajo, documento de n\u00f3mina, etc.<\/li><li>Datos de transacciones, por ejemplo: bienes y servicios suministrados y recibidos.<\/li><li>Datos de categor\u00eda especial, por ejemplo: salud, afiliaci\u00f3n sindical, origen racial.<\/li><li>Otros datos e informaciones necesarios o impl\u00edcitos en el desarrollo de nuestras actividades, servicios y objeto.<\/li><\/ul><ol start=\"4\"><li><strong>\u00bfCon qu\u00e9 finalidad tratamos sus datos personales?<\/strong><\/li><\/ol><p>En general los datos se tratan para llevar a cabo con \u00e9xito las acciones impl\u00edcitas en el normal desarrollo y gesti\u00f3n de la actividad del responsable. Aunque podemos concretar diferentes fines de tratamiento en funci\u00f3n de las posibles categor\u00edas existentes de interesados:<\/p><ul><li>Clientes y potenciales: gesti\u00f3n y mantenimiento de las relaciones comerciales, precontractuales y contractuales; administraci\u00f3n interna; gesti\u00f3n econ\u00f3mica; publicidad y marketing, atenci\u00f3n al cliente.<\/li><li>Colaboradores, acreedores y proveedores: gesti\u00f3n y mantenimiento de las relaciones comerciales, administraci\u00f3n interna y gesti\u00f3n econ\u00f3mica.<\/li><li>Personas trabajadoras: gesti\u00f3n, desarrollo y mantenimiento de la relaci\u00f3n laboral, gesti\u00f3n de recursos humanos, comunicaciones, actividades formativas, prevenci\u00f3n de riesgos laborales, registro de la jornada y otras finalidades derivadas de las obligaciones legales y desarrollo de las relaciones laborales.<\/li><li>Candidatos: gesti\u00f3n de curr\u00edculums recibidos, gesti\u00f3n de ofertas de empleo y selecci\u00f3n de personal.<\/li><li>Usuarios web y de redes sociales: atenci\u00f3n al usuario y gesti\u00f3n de las comunicaciones entre las partes.<\/li><li>Visitantes: atenci\u00f3n al visitante y control de acceso a las instalaciones.<\/li><li>La informaci\u00f3n existente de cualquier otra categor\u00eda de interesados tratada por el responsable se har\u00e1 en el marco de su actividad, estricto cumplimiento de las normas de aplicaci\u00f3n y bajo los criterios generales de la presente Pol\u00edtica de Privacidad.<\/li><\/ul><p>Otras finalidades generales que el responsable puede implementar son:<\/p><ul><li>Elaboraci\u00f3n de un perfil comercial, con el objetivo de mejorar su experiencia personalizando las ofertas y comunicaciones. No se tomar\u00e1n decisiones individualizadas en base a dicho perfil y se actuar\u00e1 desde el inter\u00e9s leg\u00edtimo.<\/li><li>Videovigilancia, para seguridad de los bienes y las personas, as\u00ed como el control laboral correspondiente en base al inter\u00e9s leg\u00edtimo.<\/li><li>Centralita telef\u00f3nica, a fin de grabar las comunicaciones por seguridad, garant\u00eda y calidad de atenci\u00f3n, en base al inter\u00e9s leg\u00edtimo.<\/li><li>An\u00e1lisis de riesgos financieros y control de obligaciones dinerarias. En caso de deudores con pagos pendientes ciertos, vencidos y exigibles, el responsable podr\u00e1 comunicar esta circunstancia a ficheros de solvencia crediticia, ficheros de deudores, y servicios de gesti\u00f3n o recobro de deudas, entre otros, en base al inter\u00e9s leg\u00edtimo.<\/li><li>Comunicaciones: desarrollo y ejecuci\u00f3n de comunicaciones a trav\u00e9s de los datos y medios de contacto disponibles (correo electr\u00f3nico, mensajer\u00eda instant\u00e1nea, etc.) con categor\u00edas de interesados internos (personas trabajadoras) y externos (clientes, potenciales, colaboradores, proveedores, etc.). Los prop\u00f3sitos de dichas comunicaciones pueden ser informativos, organizativos, comerciales y publicitarios, seg\u00fan corresponda en base al consentimiento informado y el inter\u00e9s leg\u00edtimo del responsable.<\/li><li>Otras finalidades derivadas de la naturaleza del responsable, motivadas en el normal desarrollo y ejercicio de su actividad, desde una base legitimadora v\u00e1lida.<\/li><\/ul><ol start=\"5\"><li><strong>\u00bfPor cu\u00e1nto tiempo conservaremos sus datos?<\/strong><\/li><\/ol><p>En general los datos personales se conservar\u00e1n al menos mientras exista relaci\u00f3n con el interesado, mientras no se solicite su supresi\u00f3n, mientras puedan derivarse responsabilidades o mientras exista alguna previsi\u00f3n legal de conservaci\u00f3n.<\/p><p>En lo referente a los datos de los candidatos y demandantes de empleo, se eliminar\u00e1n inmediatamente cuando estos no resulten de inter\u00e9s para el responsable.<\/p><p>El responsable de tratamiento cuenta en su plan de protecci\u00f3n de datos con un inventario de plazos de conservaci\u00f3n que observa para gestionar los diferentes periodos de conservaci\u00f3n aplicables.<\/p><p>La supresi\u00f3n de los datos se llevar\u00e1 a cabo en todo caso asegurando la confidencialidad de estos.<\/p><ol start=\"6\"><li><strong>\u00bfCu\u00e1l es la legitimaci\u00f3n para el tratamiento de sus datos?<\/strong><\/li><\/ol><p>El responsable observa y aplica las distintas bases legitimadoras existentes que resultan de aplicaci\u00f3n a cada finalidad de tratamiento. Estas son:<\/p><ol><li>Consentimiento informado del interesado.<\/li><li>Compromisos precontractuales o contractuales.<\/li><li>Inter\u00e9s leg\u00edtimo del responsable.<\/li><li>Obligaciones legales aplicables.<\/li><li>Otras bases legitimadoras legalmente preceptuadas.<\/li><\/ol><ol start=\"7\"><li><strong>\u00bfA qu\u00e9 destinatarios se comunicar\u00e1n sus datos?<\/strong><\/li><\/ol><p>Los datos de los interesados no ser\u00e1n comunicados a ning\u00fan tercero de forma predeterminada, salvo: a) servicios auxiliares, encargados de tratamiento autorizados u otros terceros impl\u00edcitos necesarios en la correcta prestaci\u00f3n de los bienes y servicios; b) autoridades y administraciones p\u00fablicas competentes en el ejercicio de sus funciones; c) otros interesados leg\u00edtimos y terceros legalmente previstos.<\/p><ol start=\"8\"><li><strong>\u00bfCu\u00e1les son sus derechos cuando nos facilita y\/o tratamos sus datos?<\/strong><\/li><\/ol><p>Como interesado, usted podr\u00e1 en cualquier momento solicitarnos el ejercicio de cualquiera de los siguientes derechos que le asisten en materia de protecci\u00f3n de datos:<\/p><ul><li>Acceso a los datos personales del interesado para confirmar si se est\u00e1n tratando o no datos que le conciernan y obtener m\u00e1s informaci\u00f3n acerca de este tratamiento.<\/li><li>Rectificaci\u00f3n o Supresi\u00f3n de los datos personales que conciernan al interesado cuando, entre otros motivos, sean inexactos o ya no sean necesarios para las finalidades por las que fueron recogidos.<\/li><li>Limitar el tratamiento de los datos personales del interesado en determinadas circunstancias, en cuyo caso \u00fanicamente se conservar\u00e1n a efectos de ejercicio o defensa de reclamaciones, por la protecci\u00f3n de los derechos de otra persona o por razones de inter\u00e9s p\u00fablico.<\/li><li>Recibir los datos personales que le incumban, que previamente nos haya facilitado, y en formato estructurado cuando sea posible. (Portabilidad de sus datos).<\/li><li>Oponerse al tratamiento de sus datos en determinadas circunstancias y por motivos relacionados con su situaci\u00f3n particular. La empresa dejar\u00e1 de tratar sus datos, salvo por motivos leg\u00edtimos imperiosos, o el ejercicio o la defensa de posibles reclamaciones.<\/li><li>Revocar el consentimiento, lo cual puede conllevar la anulaci\u00f3n o cancelaci\u00f3n de la relaci\u00f3n negocial o contractual existente, si la hubiese. Sin perjuicio de los tratamientos llevados a cabo previamente a la retirada del consentimiento.<\/li><\/ul><p>Para ello s\u00f3lo tendr\u00e1 que contactar con nosotros a trav\u00e9s de la direcci\u00f3n email o postal indicadas al inicio.<\/p><p>Opcionalmente tambi\u00e9n puede dirigirse a nuestro\u00a0<a href=\"https:\/\/www.auditta.es\/\">delegado de protecci\u00f3n de datos<\/a>\u00a0designado, o a la\u00a0<a href=\"https:\/\/www.aepd.es\/\">Agencia de Protecci\u00f3n de Datos<\/a>\u00a0para conocer m\u00e1s acerca de sus derechos o solicitar la tutela de estos por la autoridad de control.<\/p><ol start=\"9\"><li><strong>Seguridad de los datos.<\/strong><\/li><\/ol><p>Adoptamos en nuestro sistema de informaci\u00f3n las medidas t\u00e9cnicas y organizativas necesarias para garantizar un adecuado nivel de confidencialidad, integridad, disponibilidad y resiliencia de los datos.<\/p><p>No obstante, hasta donde el ordenamiento jur\u00eddico lo permite, no asumimos ninguna responsabilidad por los da\u00f1os y perjuicios de alteraciones que terceros pueden causar en nuestro sistema de informaci\u00f3n. Cualquier quiebra de seguridad ser\u00e1 convenientemente y de forma inmediata comunicada a la autoridad competente y\/o fuerzas y cuerpos de seguridad del Estado.<\/p><ol start=\"10\"><li><strong>Env\u00edo de comunicaciones o informaci\u00f3n.<\/strong><\/li><\/ol><p>Nuestra pol\u00edtica con respecto al env\u00edo informaci\u00f3n a trav\u00e9s de medios telem\u00e1ticos (correo electr\u00f3nico, mensajer\u00eda instant\u00e1nea, etc.), se limita a enviar \u00fanicamente comunicaciones que consideremos de inter\u00e9s para nuestros usuarios e interesados, en relaci\u00f3n con las funciones y actividad de la empresa, o que usted haya consentido recibir.<\/p><p>Si prefiere no recibir estos mensajes, le ofreceremos a trav\u00e9s de estos la posibilidad de ejercer su derecho de cancelaci\u00f3n y renuncia a la recepci\u00f3n de estos mensajes, en conformidad con lo dispuesto en el T\u00edtulo III, art\u00edculo 22 de la Ley 34\/2002 de Servicios para la Sociedad de la Informaci\u00f3n y de Comercio Electr\u00f3nico.<\/p><ol start=\"11\"><li><strong>Redes sociales.<\/strong><\/li><\/ol><p>El responsable puede tener presencia en redes sociales a trav\u00e9s de los correspondientes perfiles, siendo de aplicaci\u00f3n el presente apartado y cualesquiera t\u00e9rminos legales y de privacidad presentes en el sitio web para el tratamiento de datos de los usuarios que se hagan seguidores o de alg\u00fan modo se vinculen a dichos perfiles.<\/p><p>Las finalidades de uso de estos perfiles por el responsable son de comunicaci\u00f3n, desarrollo comercial, marketing y publicidad.<\/p><p>Los usuarios seguidores y\/o participantes en nuestros perfiles se abstendr\u00e1n:<\/p><ol><li>De publicar contenidos o informaciones contrarios a las Leyes, la moral, y la buena fe. No est\u00e1 permitido ning\u00fan uso o comportamiento il\u00edcito, molesto, inapropiado, que pueda generar opiniones negativas en el perfil o que atente contra los derechos de las personas.<\/li><li>De comportarse de forma contraria a los principios de legalidad, honradez, responsabilidad, protecci\u00f3n de la dignidad humana, protecci\u00f3n de menores, protecci\u00f3n del orden p\u00fablico, la protecci\u00f3n de la vida privada, la protecci\u00f3n del consumidor y los derechos de propiedad intelectual e industrial.<\/li><\/ol><p>El responsable se reserva la potestad de retirar sin previo aviso cualquier contenido que se considere inapropiado. Asimismo, se libera de cualquier responsabilidad en relaci\u00f3n con las medidas de seguridad correspondientes a cada plataforma, debiendo el usuario conocerlas juntamente con los t\u00e9rminos legales y condiciones de uso de la propia plataforma.<\/p><\/li><\/ol>\t\t\t\t\t\t\t\t<\/div>\n\t\t\t\t<\/div>\n\t\t\t\t\t<\/div>\n\t\t<\/div>\n\t\t\t\t\t<\/div>\n\t\t<\/section>\n\t\t\t\t<\/div>","protected":false},"excerpt":{"rendered":"<p>POL\u00cdTICA DE PRIVACIDAD \u00a0 Introducci\u00f3n. Tenemos un elevado nivel de compromiso con la privacidad de las personas, por lo que la protecci\u00f3n de datos personales es importante para nosotros. Tratamos los datos seg\u00fan lo dispuesto en el Reglamento UE 2016\/679 General de Protecci\u00f3n de Datos, Ley Org\u00e1nica 3\/2018 de Protecci\u00f3n de Datos Personales y Garant\u00eda [&hellip;]<\/p>\n","protected":false},"author":1,"featured_media":0,"parent":0,"menu_order":0,"comment_status":"closed","ping_status":"closed","template":"elementor_header_footer","meta":{"_monsterinsights_skip_tracking":false,"_monsterinsights_sitenote_active":false,"_monsterinsights_sitenote_note":"","_monsterinsights_sitenote_category":0,"footnotes":""},"class_list":["post-508","page","type-page","status-publish","hentry"],"yoast_head":"<!-- This site is optimized with the Yoast SEO plugin v27.4 - https:\/\/yoast.com\/product\/yoast-seo-wordpress\/ -->\n<title>Pol\u00edtica de Privacidad - IT Innovaci&oacute;n Eventos<\/title>\n<meta name=\"robots\" content=\"index, follow, max-snippet:-1, max-image-preview:large, max-video-preview:-1\" \/>\n<link rel=\"canonical\" href=\"https:\/\/itinnovacion.com\/en\/politica-de-privacidad\/\" \/>\n<meta property=\"og:locale\" content=\"en_US\" \/>\n<meta property=\"og:type\" content=\"article\" \/>\n<meta property=\"og:title\" content=\"Pol\u00edtica de Privacidad - IT Innovaci&oacute;n Eventos\" \/>\n<meta property=\"og:description\" content=\"POL\u00cdTICA DE PRIVACIDAD \u00a0 Introducci\u00f3n. Tenemos un elevado nivel de compromiso con la privacidad de las personas, por lo que la protecci\u00f3n de datos personales es importante para nosotros. Tratamos los datos seg\u00fan lo dispuesto en el Reglamento UE 2016\/679 General de Protecci\u00f3n de Datos, Ley Org\u00e1nica 3\/2018 de Protecci\u00f3n de Datos Personales y Garant\u00eda [&hellip;]\" \/>\n<meta property=\"og:url\" content=\"https:\/\/itinnovacion.com\/en\/politica-de-privacidad\/\" \/>\n<meta property=\"og:site_name\" content=\"IT Innovaci&oacute;n Eventos\" \/>\n<meta property=\"article:modified_time\" content=\"2023-07-17T12:16:12+00:00\" \/>\n<meta name=\"twitter:card\" content=\"summary_large_image\" \/>\n<meta name=\"twitter:label1\" content=\"Est. reading time\" \/>\n\t<meta name=\"twitter:data1\" content=\"8 minutes\" \/>\n<script type=\"application\/ld+json\" class=\"yoast-schema-graph\">{\"@context\":\"https:\\\/\\\/schema.org\",\"@graph\":[{\"@type\":\"WebPage\",\"@id\":\"https:\\\/\\\/itinnovacion.com\\\/politica-de-privacidad\\\/\",\"url\":\"https:\\\/\\\/itinnovacion.com\\\/politica-de-privacidad\\\/\",\"name\":\"Pol\u00edtica de Privacidad - IT Innovaci&oacute;n Eventos\",\"isPartOf\":{\"@id\":\"https:\\\/\\\/itinnovacion.com\\\/#website\"},\"datePublished\":\"2023-07-17T08:56:57+00:00\",\"dateModified\":\"2023-07-17T12:16:12+00:00\",\"breadcrumb\":{\"@id\":\"https:\\\/\\\/itinnovacion.com\\\/politica-de-privacidad\\\/#breadcrumb\"},\"inLanguage\":\"en-US\",\"potentialAction\":[{\"@type\":\"ReadAction\",\"target\":[\"https:\\\/\\\/itinnovacion.com\\\/politica-de-privacidad\\\/\"]}]},{\"@type\":\"BreadcrumbList\",\"@id\":\"https:\\\/\\\/itinnovacion.com\\\/politica-de-privacidad\\\/#breadcrumb\",\"itemListElement\":[{\"@type\":\"ListItem\",\"position\":1,\"name\":\"Portada\",\"item\":\"https:\\\/\\\/itinnovacion.com\\\/\"},{\"@type\":\"ListItem\",\"position\":2,\"name\":\"Pol\u00edtica de Privacidad\"}]},{\"@type\":\"WebSite\",\"@id\":\"https:\\\/\\\/itinnovacion.com\\\/#website\",\"url\":\"https:\\\/\\\/itinnovacion.com\\\/\",\"name\":\"IT Innovaci&oacute;n Eventos\",\"description\":\"Animaci&oacute;n de Eventos\",\"publisher\":{\"@id\":\"https:\\\/\\\/itinnovacion.com\\\/#organization\"},\"potentialAction\":[{\"@type\":\"SearchAction\",\"target\":{\"@type\":\"EntryPoint\",\"urlTemplate\":\"https:\\\/\\\/itinnovacion.com\\\/?s={search_term_string}\"},\"query-input\":{\"@type\":\"PropertyValueSpecification\",\"valueRequired\":true,\"valueName\":\"search_term_string\"}}],\"inLanguage\":\"en-US\"},{\"@type\":\"Organization\",\"@id\":\"https:\\\/\\\/itinnovacion.com\\\/#organization\",\"name\":\"IT Innovaci&oacute;n Eventos\",\"url\":\"https:\\\/\\\/itinnovacion.com\\\/\",\"logo\":{\"@type\":\"ImageObject\",\"inLanguage\":\"en-US\",\"@id\":\"https:\\\/\\\/itinnovacion.com\\\/#\\\/schema\\\/logo\\\/image\\\/\",\"url\":\"https:\\\/\\\/itinnovacion.com\\\/wp-content\\\/uploads\\\/2023\\\/06\\\/cropped-IT-INNOVACION-EVENTOS-Photoroom-1.png\",\"contentUrl\":\"https:\\\/\\\/itinnovacion.com\\\/wp-content\\\/uploads\\\/2023\\\/06\\\/cropped-IT-INNOVACION-EVENTOS-Photoroom-1.png\",\"width\":1279,\"height\":366,\"caption\":\"IT Innovaci&oacute;n Eventos\"},\"image\":{\"@id\":\"https:\\\/\\\/itinnovacion.com\\\/#\\\/schema\\\/logo\\\/image\\\/\"}}]}<\/script>\n<!-- \/ Yoast SEO plugin. -->","yoast_head_json":{"title":"Pol\u00edtica de Privacidad - IT Innovaci&oacute;n Eventos","robots":{"index":"index","follow":"follow","max-snippet":"max-snippet:-1","max-image-preview":"max-image-preview:large","max-video-preview":"max-video-preview:-1"},"canonical":"https:\/\/itinnovacion.com\/en\/politica-de-privacidad\/","og_locale":"en_US","og_type":"article","og_title":"Pol\u00edtica de Privacidad - IT Innovaci&oacute;n Eventos","og_description":"POL\u00cdTICA DE PRIVACIDAD \u00a0 Introducci\u00f3n. Tenemos un elevado nivel de compromiso con la privacidad de las personas, por lo que la protecci\u00f3n de datos personales es importante para nosotros. Tratamos los datos seg\u00fan lo dispuesto en el Reglamento UE 2016\/679 General de Protecci\u00f3n de Datos, Ley Org\u00e1nica 3\/2018 de Protecci\u00f3n de Datos Personales y Garant\u00eda [&hellip;]","og_url":"https:\/\/itinnovacion.com\/en\/politica-de-privacidad\/","og_site_name":"IT Innovaci&oacute;n Eventos","article_modified_time":"2023-07-17T12:16:12+00:00","twitter_card":"summary_large_image","twitter_misc":{"Est. reading time":"8 minutes"},"schema":{"@context":"https:\/\/schema.org","@graph":[{"@type":"WebPage","@id":"https:\/\/itinnovacion.com\/politica-de-privacidad\/","url":"https:\/\/itinnovacion.com\/politica-de-privacidad\/","name":"Pol\u00edtica de Privacidad - IT Innovaci&oacute;n Eventos","isPartOf":{"@id":"https:\/\/itinnovacion.com\/#website"},"datePublished":"2023-07-17T08:56:57+00:00","dateModified":"2023-07-17T12:16:12+00:00","breadcrumb":{"@id":"https:\/\/itinnovacion.com\/politica-de-privacidad\/#breadcrumb"},"inLanguage":"en-US","potentialAction":[{"@type":"ReadAction","target":["https:\/\/itinnovacion.com\/politica-de-privacidad\/"]}]},{"@type":"BreadcrumbList","@id":"https:\/\/itinnovacion.com\/politica-de-privacidad\/#breadcrumb","itemListElement":[{"@type":"ListItem","position":1,"name":"Portada","item":"https:\/\/itinnovacion.com\/"},{"@type":"ListItem","position":2,"name":"Pol\u00edtica de Privacidad"}]},{"@type":"WebSite","@id":"https:\/\/itinnovacion.com\/#website","url":"https:\/\/itinnovacion.com\/","name":"IT Innovaci&oacute;n Eventos","description":"Animaci&oacute;n de Eventos","publisher":{"@id":"https:\/\/itinnovacion.com\/#organization"},"potentialAction":[{"@type":"SearchAction","target":{"@type":"EntryPoint","urlTemplate":"https:\/\/itinnovacion.com\/?s={search_term_string}"},"query-input":{"@type":"PropertyValueSpecification","valueRequired":true,"valueName":"search_term_string"}}],"inLanguage":"en-US"},{"@type":"Organization","@id":"https:\/\/itinnovacion.com\/#organization","name":"IT Innovaci&oacute;n Eventos","url":"https:\/\/itinnovacion.com\/","logo":{"@type":"ImageObject","inLanguage":"en-US","@id":"https:\/\/itinnovacion.com\/#\/schema\/logo\/image\/","url":"https:\/\/itinnovacion.com\/wp-content\/uploads\/2023\/06\/cropped-IT-INNOVACION-EVENTOS-Photoroom-1.png","contentUrl":"https:\/\/itinnovacion.com\/wp-content\/uploads\/2023\/06\/cropped-IT-INNOVACION-EVENTOS-Photoroom-1.png","width":1279,"height":366,"caption":"IT Innovaci&oacute;n Eventos"},"image":{"@id":"https:\/\/itinnovacion.com\/#\/schema\/logo\/image\/"}}]}},"jetpack_sharing_enabled":true,"_links":{"self":[{"href":"https:\/\/itinnovacion.com\/en\/wp-json\/wp\/v2\/pages\/508","targetHints":{"allow":["GET"]}}],"collection":[{"href":"https:\/\/itinnovacion.com\/en\/wp-json\/wp\/v2\/pages"}],"about":[{"href":"https:\/\/itinnovacion.com\/en\/wp-json\/wp\/v2\/types\/page"}],"author":[{"embeddable":true,"href":"https:\/\/itinnovacion.com\/en\/wp-json\/wp\/v2\/users\/1"}],"replies":[{"embeddable":true,"href":"https:\/\/itinnovacion.com\/en\/wp-json\/wp\/v2\/comments?post=508"}],"version-history":[{"count":8,"href":"https:\/\/itinnovacion.com\/en\/wp-json\/wp\/v2\/pages\/508\/revisions"}],"predecessor-version":[{"id":571,"href":"https:\/\/itinnovacion.com\/en\/wp-json\/wp\/v2\/pages\/508\/revisions\/571"}],"wp:attachment":[{"href":"https:\/\/itinnovacion.com\/en\/wp-json\/wp\/v2\/media?parent=508"}],"curies":[{"name":"wp","href":"https:\/\/api.w.org\/{rel}","templated":true}]}}