{"id":117,"date":"2023-06-06T16:18:53","date_gmt":"2023-06-06T16:18:53","guid":{"rendered":"https:\/\/itinnovacion.com\/?page_id=117"},"modified":"2025-11-30T20:11:31","modified_gmt":"2025-11-30T20:11:31","slug":"inicio","status":"publish","type":"page","link":"https:\/\/itinnovacion.com\/en\/","title":{"rendered":"Home"},"content":{"rendered":"<div data-elementor-type=\"wp-page\" data-elementor-id=\"117\" class=\"elementor elementor-117\" data-elementor-post-type=\"page\">\n\t\t\t\t\t\t<section class=\"elementor-section elementor-top-section elementor-element elementor-element-9ad76dd elementor-section-full_width elementor-section-height-default elementor-section-height-default\" data-id=\"9ad76dd\" data-element_type=\"section\" data-e-type=\"section\" data-settings=\"{&quot;background_background&quot;:&quot;classic&quot;}\">\n\t\t\t\t\t\t<div class=\"elementor-container elementor-column-gap-no\">\n\t\t\t\t\t<div class=\"elementor-column elementor-col-100 elementor-top-column elementor-element elementor-element-f8cbe8c\" data-id=\"f8cbe8c\" data-element_type=\"column\" data-e-type=\"column\">\n\t\t\t<div class=\"elementor-widget-wrap elementor-element-populated\">\n\t\t\t\t\t\t<div class=\"elementor-element elementor-element-49766448 elementor--h-position-left elementor--v-position-middle elementor-widget elementor-widget-slides\" data-id=\"49766448\" data-element_type=\"widget\" data-e-type=\"widget\" data-settings=\"{&quot;navigation&quot;:&quot;none&quot;,&quot;autoplay&quot;:&quot;yes&quot;,&quot;pause_on_hover&quot;:&quot;yes&quot;,&quot;pause_on_interaction&quot;:&quot;yes&quot;,&quot;autoplay_speed&quot;:5000,&quot;infinite&quot;:&quot;yes&quot;,&quot;transition&quot;:&quot;slide&quot;,&quot;transition_speed&quot;:500}\" data-widget_type=\"slides.default\">\n\t\t\t\t<div class=\"elementor-widget-container\">\n\t\t\t\t\t\t\t\t\t<div class=\"elementor-swiper\">\n\t\t\t\t\t<div class=\"elementor-slides-wrapper elementor-main-swiper swiper\" role=\"region\" aria-roledescription=\"carousel\" aria-label=\"Diapositivas\" dir=\"ltr\" data-animation=\"fadeInUp\">\n\t\t\t\t<div class=\"swiper-wrapper elementor-slides\">\n\t\t\t\t\t\t\t\t\t\t<div class=\"elementor-repeater-item-87bb621 swiper-slide\" role=\"group\" aria-roledescription=\"slide\"><div class=\"swiper-slide-bg elementor-ken-burns elementor-ken-burns--in\" role=\"img\" aria-label=\"IMG-20250917-WA0001\"><\/div><div class=\"swiper-slide-inner\" ><div class=\"swiper-slide-contents\"><div class=\"elementor-slide-heading\">IT innovaci\u00f3n Eventos<\/div><div class=\"elementor-slide-description\">Los mejores extras para tus eventos<\/div><a href=\"https:\/\/itinnovacion.com\/en\/servicios-eventos\/\" class=\"elementor-button elementor-slide-button elementor-size-xs\">\u00a1Ver productos!<\/a><\/div><\/div><\/div><div class=\"elementor-repeater-item-a47df4d swiper-slide\" role=\"group\" aria-roledescription=\"slide\"><div class=\"swiper-slide-bg elementor-ken-burns elementor-ken-burns--in\" role=\"img\" aria-label=\"neon-retro-arcade-machine\"><\/div><div class=\"swiper-slide-inner\" ><div class=\"swiper-slide-contents\"><div class=\"elementor-slide-heading\">IT innovaci\u00f3n Eventos<\/div><div class=\"elementor-slide-description\">Fotomat\u00f3n, M\u00e1quinas Arcade, Plataforma 360\u00ba y mucho mas!<\/div><div  class=\"elementor-button elementor-slide-button elementor-size-xs\">\u00a1Ver productos!<\/div><\/div><\/div><\/div>\t\t\t\t<\/div>\n\t\t\t\t\t\t\t\t\t\t\t\t\t\t\t\t\t\t\t\t\t<\/div>\n\t\t\t\t<\/div>\n\t\t\t\t\t\t\t\t<\/div>\n\t\t\t\t<\/div>\n\t\t\t\t\t<\/div>\n\t\t<\/div>\n\t\t\t\t\t<\/div>\n\t\t<\/section>\n\t\t\t\t<section class=\"elementor-section elementor-top-section elementor-element elementor-element-127cecfc elementor-section-boxed elementor-section-height-default elementor-section-height-default\" data-id=\"127cecfc\" data-element_type=\"section\" data-e-type=\"section\">\n\t\t\t\t\t\t<div class=\"elementor-container elementor-column-gap-default\">\n\t\t\t\t\t<div class=\"elementor-column elementor-col-100 elementor-top-column elementor-element elementor-element-542f39b3\" data-id=\"542f39b3\" data-element_type=\"column\" data-e-type=\"column\">\n\t\t\t<div class=\"elementor-widget-wrap elementor-element-populated\">\n\t\t\t\t\t\t<section class=\"elementor-section elementor-inner-section elementor-element elementor-element-4377370b elementor-section-content-middle elementor-section-boxed elementor-section-height-default elementor-section-height-default\" data-id=\"4377370b\" data-element_type=\"section\" data-e-type=\"section\">\n\t\t\t\t\t\t<div class=\"elementor-container elementor-column-gap-default\">\n\t\t\t\t\t<div class=\"elementor-column elementor-col-33 elementor-inner-column elementor-element elementor-element-275b9fe5\" data-id=\"275b9fe5\" data-element_type=\"column\" data-e-type=\"column\" data-settings=\"{&quot;background_background&quot;:&quot;classic&quot;}\">\n\t\t\t<div class=\"elementor-widget-wrap elementor-element-populated\">\n\t\t\t\t\t\t<div class=\"elementor-element elementor-element-1ec8e56 elementor-widget elementor-widget-image\" data-id=\"1ec8e56\" data-element_type=\"widget\" data-e-type=\"widget\" data-widget_type=\"image.default\">\n\t\t\t\t<div class=\"elementor-widget-container\">\n\t\t\t\t\t\t\t\t\t\t\t\t\t\t\t\t<a href=\"https:\/\/itinnovacion.com\/en\/product-category\/iphone\/nuevos\/\">\n\t\t\t\t\t\t\t<img fetchpriority=\"high\" decoding=\"async\" width=\"733\" height=\"1100\" src=\"https:\/\/itinnovacion.com\/wp-content\/uploads\/2025\/09\/lowboy-super-mario-bros-maquinas-arcade-videojuegos-recreativas-nuevas-oferta-nintendo-luigi.jpg\" class=\"elementor-animation-grow attachment-full size-full wp-image-1776\" alt=\"\" srcset=\"https:\/\/itinnovacion.com\/wp-content\/uploads\/2025\/09\/lowboy-super-mario-bros-maquinas-arcade-videojuegos-recreativas-nuevas-oferta-nintendo-luigi.jpg 733w, https:\/\/itinnovacion.com\/wp-content\/uploads\/2025\/09\/lowboy-super-mario-bros-maquinas-arcade-videojuegos-recreativas-nuevas-oferta-nintendo-luigi-200x300.jpg 200w, https:\/\/itinnovacion.com\/wp-content\/uploads\/2025\/09\/lowboy-super-mario-bros-maquinas-arcade-videojuegos-recreativas-nuevas-oferta-nintendo-luigi-682x1024.jpg 682w, https:\/\/itinnovacion.com\/wp-content\/uploads\/2025\/09\/lowboy-super-mario-bros-maquinas-arcade-videojuegos-recreativas-nuevas-oferta-nintendo-luigi-8x12.jpg 8w, https:\/\/itinnovacion.com\/wp-content\/uploads\/2025\/09\/lowboy-super-mario-bros-maquinas-arcade-videojuegos-recreativas-nuevas-oferta-nintendo-luigi-600x900.jpg 600w\" sizes=\"(max-width: 733px) 100vw, 733px\" \/>\t\t\t\t\t\t\t\t<\/a>\n\t\t\t\t\t\t\t\t\t\t\t\t\t\t\t<\/div>\n\t\t\t\t<\/div>\n\t\t\t\t<div class=\"elementor-element elementor-element-73cf4aaa elementor-widget elementor-widget-heading\" data-id=\"73cf4aaa\" data-element_type=\"widget\" data-e-type=\"widget\" data-widget_type=\"heading.default\">\n\t\t\t\t<div class=\"elementor-widget-container\">\n\t\t\t\t\t<h4 class=\"elementor-heading-title elementor-size-default\">Ahorra hasta 200\u20ac contratando nuestros pack<\/h4>\t\t\t\t<\/div>\n\t\t\t\t<\/div>\n\t\t\t\t<div class=\"elementor-element elementor-element-15a58e7 elementor-align-center elementor-widget elementor-widget-button\" data-id=\"15a58e7\" data-element_type=\"widget\" data-e-type=\"widget\" data-widget_type=\"button.default\">\n\t\t\t\t<div class=\"elementor-widget-container\">\n\t\t\t\t\t\t\t\t\t<div class=\"elementor-button-wrapper\">\n\t\t\t\t\t<a class=\"elementor-button elementor-button-link elementor-size-xs\" href=\"https:\/\/itinnovacion.com\/en\/servicios-eventos\/\">\n\t\t\t\t\t\t<span class=\"elementor-button-content-wrapper\">\n\t\t\t\t\t\t\t\t\t<span class=\"elementor-button-text\">Ver productos<\/span>\n\t\t\t\t\t<\/span>\n\t\t\t\t\t<\/a>\n\t\t\t\t<\/div>\n\t\t\t\t\t\t\t\t<\/div>\n\t\t\t\t<\/div>\n\t\t\t\t\t<\/div>\n\t\t<\/div>\n\t\t\t\t<div class=\"elementor-column elementor-col-33 elementor-inner-column elementor-element elementor-element-e39c30c\" data-id=\"e39c30c\" data-element_type=\"column\" data-e-type=\"column\">\n\t\t\t<div class=\"elementor-widget-wrap elementor-element-populated\">\n\t\t\t\t\t\t<div class=\"elementor-element elementor-element-23552e84 elementor-cta--valign-middle elementor-bg-transform elementor-bg-transform-move-left elementor-widget-tablet__width-initial elementor-cta--layout-image-right elementor-cta--skin-classic elementor-widget elementor-widget-call-to-action\" data-id=\"23552e84\" data-element_type=\"widget\" data-e-type=\"widget\" data-widget_type=\"call-to-action.default\">\n\t\t\t\t<div class=\"elementor-widget-container\">\n\t\t\t\t\t\t\t<div class=\"elementor-cta\">\n\t\t\t\t\t<div class=\"elementor-cta__bg-wrapper\">\n\t\t\t\t<div class=\"elementor-cta__bg elementor-bg\" style=\"background-image: url(https:\/\/itinnovacion.com\/wp-content\/uploads\/2025\/11\/Imagen-de-WhatsApp-2025-11-30-a-las-21.03.21_121e7cec.jpg);\" role=\"img\" aria-label=\"Imagen de WhatsApp 2025-11-30 a las 21.03.21_121e7cec\"><\/div>\n\t\t\t\t<div class=\"elementor-cta__bg-overlay\"><\/div>\n\t\t\t<\/div>\n\t\t\t\t\t\t\t<div class=\"elementor-cta__content\">\n\t\t\t\t\n\t\t\t\t\t\t\t\t\t<h4 class=\"elementor-cta__title elementor-cta__content-item elementor-content-item\">\n\t\t\t\t\t\tEspejo M\u00e1gico\t\t\t\t\t<\/h4>\n\t\t\t\t\n\t\t\t\t\t\t\t\t\t<div class=\"elementor-cta__description elementor-cta__content-item elementor-content-item\">\n\t\t\t\t\t\tExpertos en traer los mejores productos en todos tus eventos\t\t\t\t\t<\/div>\n\t\t\t\t\n\t\t\t\t\t\t\t\t\t<div class=\"elementor-cta__button-wrapper elementor-cta__content-item elementor-content-item\">\n\t\t\t\t\t<a class=\"elementor-cta__button elementor-button elementor-size-xs\" href=\"https:\/\/itinnovacion.com\/en\/espejomagico\/\">\n\t\t\t\t\t\t\u00a1Quiero saber m\u00e1s!\t\t\t\t\t<\/a>\n\t\t\t\t\t<\/div>\n\t\t\t\t\t\t\t<\/div>\n\t\t\t\t\t\t<\/div>\n\t\t\t\t\t\t<\/div>\n\t\t\t\t<\/div>\n\t\t\t\t<div class=\"elementor-element elementor-element-6510e1f elementor-widget-divider--view-line elementor-widget elementor-widget-divider\" data-id=\"6510e1f\" data-element_type=\"widget\" data-e-type=\"widget\" data-widget_type=\"divider.default\">\n\t\t\t\t<div class=\"elementor-widget-container\">\n\t\t\t\t\t\t\t<div class=\"elementor-divider\">\n\t\t\t<span class=\"elementor-divider-separator\">\n\t\t\t\t\t\t<\/span>\n\t\t<\/div>\n\t\t\t\t\t\t<\/div>\n\t\t\t\t<\/div>\n\t\t\t\t<div class=\"elementor-element elementor-element-8e4cc07 elementor-cta--valign-middle elementor-bg-transform elementor-bg-transform-move-left elementor-widget-tablet__width-initial elementor-cta--layout-image-right elementor-cta--skin-classic elementor-widget elementor-widget-call-to-action\" data-id=\"8e4cc07\" data-element_type=\"widget\" data-e-type=\"widget\" data-widget_type=\"call-to-action.default\">\n\t\t\t\t<div class=\"elementor-widget-container\">\n\t\t\t\t\t\t\t<div class=\"elementor-cta\">\n\t\t\t\t\t<div class=\"elementor-cta__bg-wrapper\">\n\t\t\t\t<div class=\"elementor-cta__bg elementor-bg\" style=\"background-image: url(https:\/\/itinnovacion.com\/wp-content\/uploads\/2025\/09\/IMG-20250917-WA0002.jpg);\" role=\"img\" aria-label=\"IMG-20250917-WA0002\"><\/div>\n\t\t\t\t<div class=\"elementor-cta__bg-overlay\"><\/div>\n\t\t\t<\/div>\n\t\t\t\t\t\t\t<div class=\"elementor-cta__content\">\n\t\t\t\t\n\t\t\t\t\t\t\t\t\t<h4 class=\"elementor-cta__title elementor-cta__content-item elementor-content-item\">\n\t\t\t\t\t\tFotomat\u00f3n\t\t\t\t\t<\/h4>\n\t\t\t\t\n\t\t\t\t\t\t\t\t\t<div class=\"elementor-cta__description elementor-cta__content-item elementor-content-item\">\n\t\t\t\t\t\tLos mejores precios junto con el mejor servicio\t\t\t\t\t<\/div>\n\t\t\t\t\n\t\t\t\t\t\t\t\t\t<div class=\"elementor-cta__button-wrapper elementor-cta__content-item elementor-content-item\">\n\t\t\t\t\t<a class=\"elementor-cta__button elementor-button elementor-size-xs\" href=\"https:\/\/itinnovacion.com\/en\/fotomaton\/\">\n\t\t\t\t\t\t\u00a1Quiero saber m\u00e1s!\t\t\t\t\t<\/a>\n\t\t\t\t\t<\/div>\n\t\t\t\t\t\t\t<\/div>\n\t\t\t\t\t\t<\/div>\n\t\t\t\t\t\t<\/div>\n\t\t\t\t<\/div>\n\t\t\t\t\t<\/div>\n\t\t<\/div>\n\t\t\t\t<div class=\"elementor-column elementor-col-33 elementor-inner-column elementor-element elementor-element-34653064\" data-id=\"34653064\" data-element_type=\"column\" data-e-type=\"column\">\n\t\t\t<div class=\"elementor-widget-wrap elementor-element-populated\">\n\t\t\t\t\t\t<div class=\"elementor-element elementor-element-5837bcb2 elementor-cta--skin-cover elementor-cta--valign-top elementor-bg-transform elementor-bg-transform-zoom-out elementor-widget-tablet__width-initial elementor-widget__width-initial elementor-widget elementor-widget-call-to-action\" data-id=\"5837bcb2\" data-element_type=\"widget\" data-e-type=\"widget\" data-widget_type=\"call-to-action.default\">\n\t\t\t\t<div class=\"elementor-widget-container\">\n\t\t\t\t\t\t\t<div class=\"elementor-cta\">\n\t\t\t\t\t<div class=\"elementor-cta__bg-wrapper\">\n\t\t\t\t<div class=\"elementor-cta__bg elementor-bg\" style=\"background-image: url(https:\/\/itinnovacion.com\/wp-content\/uploads\/2025\/09\/grupo-amigos-impacto-cultural-3.jpg);\" role=\"img\" aria-label=\"grupo-amigos-impacto-cultural-3\"><\/div>\n\t\t\t\t<div class=\"elementor-cta__bg-overlay\"><\/div>\n\t\t\t<\/div>\n\t\t\t\t\t\t\t<div class=\"elementor-cta__content\">\n\t\t\t\t\n\t\t\t\t\t\t\t\t\t<h4 class=\"elementor-cta__title elementor-cta__content-item elementor-content-item\">\n\t\t\t\t\t\t\u00a1M\u00e1quinas Arcade!\t\t\t\t\t<\/h4>\n\t\t\t\t\n\t\t\t\t\t\t\t\t\t<div class=\"elementor-cta__description elementor-cta__content-item elementor-content-item\">\n\t\t\t\t\t\tPioneros en la zona con alquiler de M\u00e1quinas Arcade\t\t\t\t\t<\/div>\n\t\t\t\t\n\t\t\t\t\t\t\t\t\t<div class=\"elementor-cta__button-wrapper elementor-cta__content-item elementor-content-item\">\n\t\t\t\t\t<a class=\"elementor-cta__button elementor-button elementor-size-xs\" href=\"https:\/\/itinnovacion.com\/en\/arcade\/\">\n\t\t\t\t\t\tEchar un vistazo\t\t\t\t\t<\/a>\n\t\t\t\t\t<\/div>\n\t\t\t\t\t\t\t<\/div>\n\t\t\t\t\t\t<\/div>\n\t\t\t\t\t\t<\/div>\n\t\t\t\t<\/div>\n\t\t\t\t\t<\/div>\n\t\t<\/div>\n\t\t\t\t\t<\/div>\n\t\t<\/section>\n\t\t\t\t\t<\/div>\n\t\t<\/div>\n\t\t\t\t\t<\/div>\n\t\t<\/section>\n\t\t\t\t<section class=\"elementor-section elementor-top-section elementor-element elementor-element-35a1a18d elementor-section-boxed elementor-section-height-default elementor-section-height-default\" data-id=\"35a1a18d\" data-element_type=\"section\" data-e-type=\"section\" data-settings=\"{&quot;background_background&quot;:&quot;classic&quot;}\">\n\t\t\t\t\t\t\t<div class=\"elementor-background-overlay\"><\/div>\n\t\t\t\t\t\t\t<div class=\"elementor-container elementor-column-gap-default\">\n\t\t\t\t\t<div class=\"elementor-column elementor-col-100 elementor-top-column elementor-element elementor-element-34fef629 elementor-invisible\" data-id=\"34fef629\" data-element_type=\"column\" data-e-type=\"column\" data-settings=\"{&quot;animation&quot;:&quot;bounceInRight&quot;}\">\n\t\t\t<div class=\"elementor-widget-wrap elementor-element-populated\">\n\t\t\t\t\t\t<div class=\"elementor-element elementor-element-7770188c elementor-widget elementor-widget-heading\" data-id=\"7770188c\" data-element_type=\"widget\" data-e-type=\"widget\" data-widget_type=\"heading.default\">\n\t\t\t\t<div class=\"elementor-widget-container\">\n\t\t\t\t\t<div class=\"elementor-heading-title elementor-size-default\">A suitable place for the right solution.<\/div>\t\t\t\t<\/div>\n\t\t\t\t<\/div>\n\t\t\t\t<div class=\"elementor-element elementor-element-2c73d182 elementor-widget elementor-widget-text-editor\" data-id=\"2c73d182\" data-element_type=\"widget\" data-e-type=\"widget\" data-widget_type=\"text-editor.default\">\n\t\t\t\t<div class=\"elementor-widget-container\">\n\t\t\t\t\t\t\t\t\t<p>En IT Innovaci\u00f3n encontrar\u00e1s los mejores precios para todo tipo de eventos<\/p>\t\t\t\t\t\t\t\t<\/div>\n\t\t\t\t<\/div>\n\t\t\t\t<div class=\"elementor-element elementor-element-494028ca elementor-mobile-align-center elementor-align-center elementor-widget elementor-widget-button\" data-id=\"494028ca\" data-element_type=\"widget\" data-e-type=\"widget\" data-widget_type=\"button.default\">\n\t\t\t\t<div class=\"elementor-widget-container\">\n\t\t\t\t\t\t\t\t\t<div class=\"elementor-button-wrapper\">\n\t\t\t\t\t<a class=\"elementor-button elementor-button-link elementor-size-md\" href=\"https:\/\/itinnovacion.com\/en\/servicios-eventos\/\">\n\t\t\t\t\t\t<span class=\"elementor-button-content-wrapper\">\n\t\t\t\t\t\t\t\t\t<span class=\"elementor-button-text\">Discover more<\/span>\n\t\t\t\t\t<\/span>\n\t\t\t\t\t<\/a>\n\t\t\t\t<\/div>\n\t\t\t\t\t\t\t\t<\/div>\n\t\t\t\t<\/div>\n\t\t\t\t\t<\/div>\n\t\t<\/div>\n\t\t\t\t\t<\/div>\n\t\t<\/section>\n\t\t\t\t<\/div>","protected":false},"excerpt":{"rendered":"<p>IT innovaci\u00f3n EventosLos mejores extras para tus eventos\u00a1Ver productos!IT innovaci\u00f3n EventosFotomat\u00f3n, M\u00e1quinas Arcade, Plataforma 360\u00ba y mucho mas!\u00a1Ver productos! Ahorra hasta 200\u20ac contratando nuestros pack Ver productos Espejo M\u00e1gico Expertos en traer los mejores productos en todos tus eventos \u00a1Quiero saber m\u00e1s! Fotomat\u00f3n Los mejores precios junto con el mejor servicio \u00a1Quiero saber m\u00e1s! \u00a1M\u00e1quinas [&hellip;]<\/p>\n","protected":false},"author":1,"featured_media":0,"parent":0,"menu_order":0,"comment_status":"closed","ping_status":"closed","template":"elementor_header_footer","meta":{"_monsterinsights_skip_tracking":false,"_monsterinsights_sitenote_active":false,"_monsterinsights_sitenote_note":"","_monsterinsights_sitenote_category":0,"footnotes":""},"class_list":["post-117","page","type-page","status-publish","hentry"],"yoast_head":"<!-- This site is optimized with the Yoast SEO plugin v27.4 - https:\/\/yoast.com\/product\/yoast-seo-wordpress\/ -->\n<title>Inicio - IT Innovaci&oacute;n Eventos<\/title>\n<meta name=\"robots\" content=\"index, follow, max-snippet:-1, max-image-preview:large, max-video-preview:-1\" \/>\n<link rel=\"canonical\" href=\"https:\/\/itinnovacion.com\/en\/\" \/>\n<meta property=\"og:locale\" content=\"en_US\" \/>\n<meta property=\"og:type\" content=\"article\" \/>\n<meta property=\"og:title\" content=\"Inicio - IT Innovaci&oacute;n Eventos\" \/>\n<meta property=\"og:description\" content=\"IT innovaci\u00f3n EventosLos mejores extras para tus eventos\u00a1Ver productos!IT innovaci\u00f3n EventosFotomat\u00f3n, M\u00e1quinas Arcade, Plataforma 360\u00ba y mucho mas!\u00a1Ver productos! Ahorra hasta 200\u20ac contratando nuestros pack Ver productos Espejo M\u00e1gico Expertos en traer los mejores productos en todos tus eventos \u00a1Quiero saber m\u00e1s! Fotomat\u00f3n Los mejores precios junto con el mejor servicio \u00a1Quiero saber m\u00e1s! \u00a1M\u00e1quinas [&hellip;]\" \/>\n<meta property=\"og:url\" content=\"https:\/\/itinnovacion.com\/en\/\" \/>\n<meta property=\"og:site_name\" content=\"IT Innovaci&oacute;n Eventos\" \/>\n<meta property=\"article:modified_time\" content=\"2025-11-30T20:11:31+00:00\" \/>\n<meta property=\"og:image\" content=\"https:\/\/itinnovacion.com\/wp-content\/uploads\/2025\/09\/lowboy-super-mario-bros-maquinas-arcade-videojuegos-recreativas-nuevas-oferta-nintendo-luigi.jpg\" \/>\n\t<meta property=\"og:image:width\" content=\"733\" \/>\n\t<meta property=\"og:image:height\" content=\"1100\" \/>\n\t<meta property=\"og:image:type\" content=\"image\/jpeg\" \/>\n<meta name=\"twitter:card\" content=\"summary_large_image\" \/>\n<meta name=\"twitter:label1\" content=\"Est. reading time\" \/>\n\t<meta name=\"twitter:data1\" content=\"1 minute\" \/>\n<script type=\"application\/ld+json\" class=\"yoast-schema-graph\">{\"@context\":\"https:\\\/\\\/schema.org\",\"@graph\":[{\"@type\":\"WebPage\",\"@id\":\"https:\\\/\\\/itinnovacion.com\\\/\",\"url\":\"https:\\\/\\\/itinnovacion.com\\\/\",\"name\":\"Inicio - IT Innovaci&oacute;n Eventos\",\"isPartOf\":{\"@id\":\"https:\\\/\\\/itinnovacion.com\\\/#website\"},\"primaryImageOfPage\":{\"@id\":\"https:\\\/\\\/itinnovacion.com\\\/#primaryimage\"},\"image\":{\"@id\":\"https:\\\/\\\/itinnovacion.com\\\/#primaryimage\"},\"thumbnailUrl\":\"https:\\\/\\\/itinnovacion.com\\\/wp-content\\\/uploads\\\/2025\\\/09\\\/lowboy-super-mario-bros-maquinas-arcade-videojuegos-recreativas-nuevas-oferta-nintendo-luigi.jpg\",\"datePublished\":\"2023-06-06T16:18:53+00:00\",\"dateModified\":\"2025-11-30T20:11:31+00:00\",\"breadcrumb\":{\"@id\":\"https:\\\/\\\/itinnovacion.com\\\/#breadcrumb\"},\"inLanguage\":\"en-US\",\"potentialAction\":[{\"@type\":\"ReadAction\",\"target\":[\"https:\\\/\\\/itinnovacion.com\\\/\"]}]},{\"@type\":\"ImageObject\",\"inLanguage\":\"en-US\",\"@id\":\"https:\\\/\\\/itinnovacion.com\\\/#primaryimage\",\"url\":\"https:\\\/\\\/itinnovacion.com\\\/wp-content\\\/uploads\\\/2025\\\/09\\\/lowboy-super-mario-bros-maquinas-arcade-videojuegos-recreativas-nuevas-oferta-nintendo-luigi.jpg\",\"contentUrl\":\"https:\\\/\\\/itinnovacion.com\\\/wp-content\\\/uploads\\\/2025\\\/09\\\/lowboy-super-mario-bros-maquinas-arcade-videojuegos-recreativas-nuevas-oferta-nintendo-luigi.jpg\"},{\"@type\":\"BreadcrumbList\",\"@id\":\"https:\\\/\\\/itinnovacion.com\\\/#breadcrumb\",\"itemListElement\":[{\"@type\":\"ListItem\",\"position\":1,\"name\":\"Portada\",\"item\":\"https:\\\/\\\/itinnovacion.com\\\/\"},{\"@type\":\"ListItem\",\"position\":2,\"name\":\"Inicio\"}]},{\"@type\":\"WebSite\",\"@id\":\"https:\\\/\\\/itinnovacion.com\\\/#website\",\"url\":\"https:\\\/\\\/itinnovacion.com\\\/\",\"name\":\"IT Innovaci&oacute;n Eventos\",\"description\":\"Animaci&oacute;n de Eventos\",\"publisher\":{\"@id\":\"https:\\\/\\\/itinnovacion.com\\\/#organization\"},\"potentialAction\":[{\"@type\":\"SearchAction\",\"target\":{\"@type\":\"EntryPoint\",\"urlTemplate\":\"https:\\\/\\\/itinnovacion.com\\\/?s={search_term_string}\"},\"query-input\":{\"@type\":\"PropertyValueSpecification\",\"valueRequired\":true,\"valueName\":\"search_term_string\"}}],\"inLanguage\":\"en-US\"},{\"@type\":\"Organization\",\"@id\":\"https:\\\/\\\/itinnovacion.com\\\/#organization\",\"name\":\"IT Innovaci&oacute;n Eventos\",\"url\":\"https:\\\/\\\/itinnovacion.com\\\/\",\"logo\":{\"@type\":\"ImageObject\",\"inLanguage\":\"en-US\",\"@id\":\"https:\\\/\\\/itinnovacion.com\\\/#\\\/schema\\\/logo\\\/image\\\/\",\"url\":\"https:\\\/\\\/itinnovacion.com\\\/wp-content\\\/uploads\\\/2023\\\/06\\\/cropped-IT-INNOVACION-EVENTOS-Photoroom-1.png\",\"contentUrl\":\"https:\\\/\\\/itinnovacion.com\\\/wp-content\\\/uploads\\\/2023\\\/06\\\/cropped-IT-INNOVACION-EVENTOS-Photoroom-1.png\",\"width\":1279,\"height\":366,\"caption\":\"IT Innovaci&oacute;n Eventos\"},\"image\":{\"@id\":\"https:\\\/\\\/itinnovacion.com\\\/#\\\/schema\\\/logo\\\/image\\\/\"}}]}<\/script>\n<!-- \/ Yoast SEO plugin. -->","yoast_head_json":{"title":"Inicio - IT Innovaci&oacute;n Eventos","robots":{"index":"index","follow":"follow","max-snippet":"max-snippet:-1","max-image-preview":"max-image-preview:large","max-video-preview":"max-video-preview:-1"},"canonical":"https:\/\/itinnovacion.com\/en\/","og_locale":"en_US","og_type":"article","og_title":"Inicio - IT Innovaci&oacute;n Eventos","og_description":"IT innovaci\u00f3n EventosLos mejores extras para tus eventos\u00a1Ver productos!IT innovaci\u00f3n EventosFotomat\u00f3n, M\u00e1quinas Arcade, Plataforma 360\u00ba y mucho mas!\u00a1Ver productos! Ahorra hasta 200\u20ac contratando nuestros pack Ver productos Espejo M\u00e1gico Expertos en traer los mejores productos en todos tus eventos \u00a1Quiero saber m\u00e1s! Fotomat\u00f3n Los mejores precios junto con el mejor servicio \u00a1Quiero saber m\u00e1s! \u00a1M\u00e1quinas [&hellip;]","og_url":"https:\/\/itinnovacion.com\/en\/","og_site_name":"IT Innovaci&oacute;n Eventos","article_modified_time":"2025-11-30T20:11:31+00:00","og_image":[{"width":733,"height":1100,"url":"https:\/\/itinnovacion.com\/wp-content\/uploads\/2025\/09\/lowboy-super-mario-bros-maquinas-arcade-videojuegos-recreativas-nuevas-oferta-nintendo-luigi.jpg","type":"image\/jpeg"}],"twitter_card":"summary_large_image","twitter_misc":{"Est. reading time":"1 minute"},"schema":{"@context":"https:\/\/schema.org","@graph":[{"@type":"WebPage","@id":"https:\/\/itinnovacion.com\/","url":"https:\/\/itinnovacion.com\/","name":"Inicio - IT Innovaci&oacute;n Eventos","isPartOf":{"@id":"https:\/\/itinnovacion.com\/#website"},"primaryImageOfPage":{"@id":"https:\/\/itinnovacion.com\/#primaryimage"},"image":{"@id":"https:\/\/itinnovacion.com\/#primaryimage"},"thumbnailUrl":"https:\/\/itinnovacion.com\/wp-content\/uploads\/2025\/09\/lowboy-super-mario-bros-maquinas-arcade-videojuegos-recreativas-nuevas-oferta-nintendo-luigi.jpg","datePublished":"2023-06-06T16:18:53+00:00","dateModified":"2025-11-30T20:11:31+00:00","breadcrumb":{"@id":"https:\/\/itinnovacion.com\/#breadcrumb"},"inLanguage":"en-US","potentialAction":[{"@type":"ReadAction","target":["https:\/\/itinnovacion.com\/"]}]},{"@type":"ImageObject","inLanguage":"en-US","@id":"https:\/\/itinnovacion.com\/#primaryimage","url":"https:\/\/itinnovacion.com\/wp-content\/uploads\/2025\/09\/lowboy-super-mario-bros-maquinas-arcade-videojuegos-recreativas-nuevas-oferta-nintendo-luigi.jpg","contentUrl":"https:\/\/itinnovacion.com\/wp-content\/uploads\/2025\/09\/lowboy-super-mario-bros-maquinas-arcade-videojuegos-recreativas-nuevas-oferta-nintendo-luigi.jpg"},{"@type":"BreadcrumbList","@id":"https:\/\/itinnovacion.com\/#breadcrumb","itemListElement":[{"@type":"ListItem","position":1,"name":"Portada","item":"https:\/\/itinnovacion.com\/"},{"@type":"ListItem","position":2,"name":"Inicio"}]},{"@type":"WebSite","@id":"https:\/\/itinnovacion.com\/#website","url":"https:\/\/itinnovacion.com\/","name":"IT Innovaci&oacute;n Eventos","description":"Animaci&oacute;n de Eventos","publisher":{"@id":"https:\/\/itinnovacion.com\/#organization"},"potentialAction":[{"@type":"SearchAction","target":{"@type":"EntryPoint","urlTemplate":"https:\/\/itinnovacion.com\/?s={search_term_string}"},"query-input":{"@type":"PropertyValueSpecification","valueRequired":true,"valueName":"search_term_string"}}],"inLanguage":"en-US"},{"@type":"Organization","@id":"https:\/\/itinnovacion.com\/#organization","name":"IT Innovaci&oacute;n Eventos","url":"https:\/\/itinnovacion.com\/","logo":{"@type":"ImageObject","inLanguage":"en-US","@id":"https:\/\/itinnovacion.com\/#\/schema\/logo\/image\/","url":"https:\/\/itinnovacion.com\/wp-content\/uploads\/2023\/06\/cropped-IT-INNOVACION-EVENTOS-Photoroom-1.png","contentUrl":"https:\/\/itinnovacion.com\/wp-content\/uploads\/2023\/06\/cropped-IT-INNOVACION-EVENTOS-Photoroom-1.png","width":1279,"height":366,"caption":"IT Innovaci&oacute;n Eventos"},"image":{"@id":"https:\/\/itinnovacion.com\/#\/schema\/logo\/image\/"}}]}},"jetpack_sharing_enabled":true,"_links":{"self":[{"href":"https:\/\/itinnovacion.com\/en\/wp-json\/wp\/v2\/pages\/117","targetHints":{"allow":["GET"]}}],"collection":[{"href":"https:\/\/itinnovacion.com\/en\/wp-json\/wp\/v2\/pages"}],"about":[{"href":"https:\/\/itinnovacion.com\/en\/wp-json\/wp\/v2\/types\/page"}],"author":[{"embeddable":true,"href":"https:\/\/itinnovacion.com\/en\/wp-json\/wp\/v2\/users\/1"}],"replies":[{"embeddable":true,"href":"https:\/\/itinnovacion.com\/en\/wp-json\/wp\/v2\/comments?post=117"}],"version-history":[{"count":352,"href":"https:\/\/itinnovacion.com\/en\/wp-json\/wp\/v2\/pages\/117\/revisions"}],"predecessor-version":[{"id":2023,"href":"https:\/\/itinnovacion.com\/en\/wp-json\/wp\/v2\/pages\/117\/revisions\/2023"}],"wp:attachment":[{"href":"https:\/\/itinnovacion.com\/en\/wp-json\/wp\/v2\/media?parent=117"}],"curies":[{"name":"wp","href":"https:\/\/api.w.org\/{rel}","templated":true}]}}